{"id":2,"date":"2013-01-10T14:01:13","date_gmt":"2013-01-10T14:01:13","guid":{"rendered":"https:\/\/www.tehomajamaki.com\/teho\/?page_id=2"},"modified":"2017-01-10T12:12:44","modified_gmt":"2017-01-10T10:12:44","slug":"esimerkkisivu","status":"publish","type":"page","link":"https:\/\/www.tehomajamaki.com\/teho\/","title":{"rendered":""},"content":{"rendered":"<p style=\"text-align: center;\">I have travelled far and wide discovering ever\u00a0changing ambiences, sounds, beats, rhythms and rhymes.<\/p>\n<p style=\"text-align: center;\">I have listened, drummed, sang\u00a0and whistled tunes &#8211;\u00a0stories\u00a0yet unknown. I have listened to the multitude\u00a0sounds of nature, of people speaking many languages crafting delicate oral histories.<\/p>\n<p style=\"text-align: center;\">I have played with sound, making music, recording, producing \u2013 always paying attention to what is\u00a0unique in the moment. In\u00a0never ending unfolding moments, bits\u00a0and particles looking\u00a0for resonance in\u00a0sound &#8211; a percussion, a\u00a0response\u00a0between surfaces.<\/p>\n","protected":false},"excerpt":{"rendered":"<p>Olen kohtuutalouden, kulttuurin ja vastuullisten valintojen puolustaja. Kannatan ymp\u00e4rist\u00f6ohjaavaa verotusta, jolla hillit\u00e4\u00e4n luonnonvarojen kulutusta ja p\u00e4\u00e4st\u00f6j\u00e4. Ymp\u00e4rist\u00f6verotuksen vaikutuksia on tasoitettava tulonsiirroilla, jotta ne eiv\u00e4t kohtele v\u00e4h\u00e4tuloisia ep\u00e4oikeudenmukaisesti.<\/p>\n","protected":false},"author":3,"featured_media":989,"parent":0,"menu_order":6,"comment_status":"closed","ping_status":"open","template":"","meta":[],"yoast_head":"<!-- This site is optimized with the Yoast SEO plugin v20.1 - https:\/\/yoast.com\/wordpress\/plugins\/seo\/ -->\n<title>Teho Majam\u00e4ki<\/title>\n<meta name=\"description\" content=\"I have travelled far and wide discovering ever changing ambiences, sounds, beats, rhythms and rhymes.\" \/>\n<meta name=\"robots\" content=\"index, follow, max-snippet:-1, max-image-preview:large, max-video-preview:-1\" \/>\n<link rel=\"canonical\" href=\"https:\/\/www.tehomajamaki.com\/teho\/\" \/>\n<meta property=\"og:locale\" content=\"fi_FI\" \/>\n<meta property=\"og:type\" content=\"article\" \/>\n<meta property=\"og:title\" content=\"Teho Majam\u00e4ki\" \/>\n<meta property=\"og:description\" content=\"I have travelled far and wide discovering ever changing ambiences, sounds, beats, rhythms and rhymes.\" \/>\n<meta property=\"og:url\" content=\"https:\/\/www.tehomajamaki.com\/teho\/\" \/>\n<meta property=\"og:site_name\" content=\"Teho Majam\u00e4ki\" \/>\n<meta property=\"article:modified_time\" content=\"2017-01-10T10:12:44+00:00\" \/>\n<meta property=\"og:image\" content=\"https:\/\/www.tehomajamaki.com\/teho\/wp-content\/uploads\/2015\/10\/Teho-Majama\u0308ki-1-Kuvaaja-Ville-Juurikkala-2.jpg\" \/>\n\t<meta property=\"og:image:width\" content=\"1500\" \/>\n\t<meta property=\"og:image:height\" content=\"1000\" \/>\n\t<meta property=\"og:image:type\" content=\"image\/jpeg\" \/>\n<script type=\"application\/ld+json\" class=\"yoast-schema-graph\">{\"@context\":\"https:\/\/schema.org\",\"@graph\":[{\"@type\":\"WebPage\",\"@id\":\"https:\/\/www.tehomajamaki.com\/teho\/\",\"url\":\"https:\/\/www.tehomajamaki.com\/teho\/\",\"name\":\"Teho Majam\u00e4ki\",\"isPartOf\":{\"@id\":\"https:\/\/www.tehomajamaki.com\/teho\/#website\"},\"datePublished\":\"2013-01-10T14:01:13+00:00\",\"dateModified\":\"2017-01-10T10:12:44+00:00\",\"description\":\"I have travelled far and wide discovering ever changing ambiences, sounds, beats, rhythms and rhymes.\",\"inLanguage\":\"fi\",\"potentialAction\":[{\"@type\":\"ReadAction\",\"target\":[\"https:\/\/www.tehomajamaki.com\/teho\/\"]}]},{\"@type\":\"WebSite\",\"@id\":\"https:\/\/www.tehomajamaki.com\/teho\/#website\",\"url\":\"https:\/\/www.tehomajamaki.com\/teho\/\",\"name\":\"Teho Majam\u00e4ki\",\"description\":\"\",\"potentialAction\":[{\"@type\":\"SearchAction\",\"target\":{\"@type\":\"EntryPoint\",\"urlTemplate\":\"https:\/\/www.tehomajamaki.com\/teho\/?s={search_term_string}\"},\"query-input\":\"required name=search_term_string\"}],\"inLanguage\":\"fi\"}]}<\/script>\n<!-- \/ Yoast SEO plugin. -->","yoast_head_json":{"title":"Teho Majam\u00e4ki","description":"I have travelled far and wide discovering ever changing ambiences, sounds, beats, rhythms and rhymes.","robots":{"index":"index","follow":"follow","max-snippet":"max-snippet:-1","max-image-preview":"max-image-preview:large","max-video-preview":"max-video-preview:-1"},"canonical":"https:\/\/www.tehomajamaki.com\/teho\/","og_locale":"fi_FI","og_type":"article","og_title":"Teho Majam\u00e4ki","og_description":"I have travelled far and wide discovering ever changing ambiences, sounds, beats, rhythms and rhymes.","og_url":"https:\/\/www.tehomajamaki.com\/teho\/","og_site_name":"Teho Majam\u00e4ki","article_modified_time":"2017-01-10T10:12:44+00:00","og_image":[{"width":1500,"height":1000,"url":"https:\/\/www.tehomajamaki.com\/teho\/wp-content\/uploads\/2015\/10\/Teho-Majama\u0308ki-1-Kuvaaja-Ville-Juurikkala-2.jpg","type":"image\/jpeg"}],"schema":{"@context":"https:\/\/schema.org","@graph":[{"@type":"WebPage","@id":"https:\/\/www.tehomajamaki.com\/teho\/","url":"https:\/\/www.tehomajamaki.com\/teho\/","name":"Teho Majam\u00e4ki","isPartOf":{"@id":"https:\/\/www.tehomajamaki.com\/teho\/#website"},"datePublished":"2013-01-10T14:01:13+00:00","dateModified":"2017-01-10T10:12:44+00:00","description":"I have travelled far and wide discovering ever changing ambiences, sounds, beats, rhythms and rhymes.","inLanguage":"fi","potentialAction":[{"@type":"ReadAction","target":["https:\/\/www.tehomajamaki.com\/teho\/"]}]},{"@type":"WebSite","@id":"https:\/\/www.tehomajamaki.com\/teho\/#website","url":"https:\/\/www.tehomajamaki.com\/teho\/","name":"Teho Majam\u00e4ki","description":"","potentialAction":[{"@type":"SearchAction","target":{"@type":"EntryPoint","urlTemplate":"https:\/\/www.tehomajamaki.com\/teho\/?s={search_term_string}"},"query-input":"required name=search_term_string"}],"inLanguage":"fi"}]}},"_links":{"self":[{"href":"https:\/\/www.tehomajamaki.com\/teho\/wp-json\/wp\/v2\/pages\/2"}],"collection":[{"href":"https:\/\/www.tehomajamaki.com\/teho\/wp-json\/wp\/v2\/pages"}],"about":[{"href":"https:\/\/www.tehomajamaki.com\/teho\/wp-json\/wp\/v2\/types\/page"}],"author":[{"embeddable":true,"href":"https:\/\/www.tehomajamaki.com\/teho\/wp-json\/wp\/v2\/users\/3"}],"replies":[{"embeddable":true,"href":"https:\/\/www.tehomajamaki.com\/teho\/wp-json\/wp\/v2\/comments?post=2"}],"version-history":[{"count":89,"href":"https:\/\/www.tehomajamaki.com\/teho\/wp-json\/wp\/v2\/pages\/2\/revisions"}],"predecessor-version":[{"id":1224,"href":"https:\/\/www.tehomajamaki.com\/teho\/wp-json\/wp\/v2\/pages\/2\/revisions\/1224"}],"wp:featuredmedia":[{"embeddable":true,"href":"https:\/\/www.tehomajamaki.com\/teho\/wp-json\/wp\/v2\/media\/989"}],"wp:attachment":[{"href":"https:\/\/www.tehomajamaki.com\/teho\/wp-json\/wp\/v2\/media?parent=2"}],"curies":[{"name":"wp","href":"https:\/\/api.w.org\/{rel}","templated":true}]}}